{"id":11271,"date":"2022-04-13T09:42:44","date_gmt":"2022-04-13T08:42:44","guid":{"rendered":"https:\/\/www.nous-vous.com\/?page_id=11271"},"modified":"2026-03-10T23:00:16","modified_gmt":"2026-03-10T22:00:16","slug":"contact","status":"publish","type":"page","link":"https:\/\/nous-vous.com\/fr\/contact\/","title":{"rendered":"Contact"},"content":{"rendered":"<div data-elementor-type=\"wp-page\" data-elementor-id=\"11271\" class=\"elementor elementor-11271\">\n\t\t\t\t\t\t<section class=\"elementor-section elementor-top-section elementor-element elementor-element-dbf8928 elementor-section-boxed elementor-section-height-default elementor-section-height-default\" data-id=\"dbf8928\" data-element_type=\"section\" data-e-type=\"section\">\n\t\t\t\t\t\t<div class=\"elementor-container elementor-column-gap-default\">\n\t\t\t\t\t<div class=\"elementor-column elementor-col-100 elementor-top-column elementor-element elementor-element-1d340e9\" data-id=\"1d340e9\" data-element_type=\"column\" data-e-type=\"column\">\n\t\t\t<div class=\"elementor-widget-wrap elementor-element-populated\">\n\t\t\t\t\t\t<div class=\"elementor-element elementor-element-be04028 elementor-widget elementor-widget-spacer\" data-id=\"be04028\" data-element_type=\"widget\" data-e-type=\"widget\" data-widget_type=\"spacer.default\">\n\t\t\t\t<div class=\"elementor-widget-container\">\n\t\t\t\t\t\t\t<div class=\"elementor-spacer\">\n\t\t\t<div class=\"elementor-spacer-inner\"><\/div>\n\t\t<\/div>\n\t\t\t\t\t\t<\/div>\n\t\t\t\t<\/div>\n\t\t\t\t\t<\/div>\n\t\t<\/div>\n\t\t\t\t\t<\/div>\n\t\t<\/section>\n\t\t\t\t<section class=\"th-parallax elementor-section elementor-top-section elementor-element elementor-element-cbd9596 elementor-section-height-min-height elementor-section-boxed elementor-section-height-default elementor-section-items-middle\" data-parallax=\"scroll\" data-image-src=\"https:\/\/nous-vous.com\/wp-content\/uploads\/2025\/08\/Screenshot-2025-08-25-at-13.03.57.png\" data-id=\"cbd9596\" data-element_type=\"section\" data-e-type=\"section\" data-settings=\"{&quot;background_background&quot;:&quot;classic&quot;}\">\n\t\t\t\t\t\t\t<div class=\"elementor-background-overlay\"><\/div>\n\t\t\t\t\t\t\t<div class=\"elementor-container elementor-column-gap-default\">\n\t\t\t\t\t<div class=\"elementor-column elementor-col-100 elementor-top-column elementor-element elementor-element-7779145\" data-id=\"7779145\" data-element_type=\"column\" data-e-type=\"column\">\n\t\t\t<div class=\"elementor-widget-wrap\">\n\t\t\t\t\t\t\t<\/div>\n\t\t<\/div>\n\t\t\t\t\t<\/div>\n\t\t<\/section>\n\t\t\t\t<section class=\"elementor-section elementor-top-section elementor-element elementor-element-1faf581 elementor-section-boxed elementor-section-height-default elementor-section-height-default\" data-id=\"1faf581\" data-element_type=\"section\" data-e-type=\"section\">\n\t\t\t\t\t\t<div class=\"elementor-container elementor-column-gap-default\">\n\t\t\t\t\t<div class=\"elementor-column elementor-col-100 elementor-top-column elementor-element elementor-element-382db6f\" data-id=\"382db6f\" data-element_type=\"column\" data-e-type=\"column\">\n\t\t\t<div class=\"elementor-widget-wrap elementor-element-populated\">\n\t\t\t\t\t\t<div class=\"elementor-element elementor-element-353eb13 elementor-widget elementor-widget-spacer\" data-id=\"353eb13\" data-element_type=\"widget\" data-e-type=\"widget\" data-widget_type=\"spacer.default\">\n\t\t\t\t<div class=\"elementor-widget-container\">\n\t\t\t\t\t\t\t<div class=\"elementor-spacer\">\n\t\t\t<div class=\"elementor-spacer-inner\"><\/div>\n\t\t<\/div>\n\t\t\t\t\t\t<\/div>\n\t\t\t\t<\/div>\n\t\t\t\t\t<\/div>\n\t\t<\/div>\n\t\t\t\t\t<\/div>\n\t\t<\/section>\n\t\t\t\t<section class=\"elementor-section elementor-top-section elementor-element elementor-element-e06c479 elementor-section-boxed elementor-section-height-default elementor-section-height-default\" data-id=\"e06c479\" data-element_type=\"section\" data-e-type=\"section\">\n\t\t\t\t\t\t<div class=\"elementor-container elementor-column-gap-default\">\n\t\t\t\t\t<div class=\"elementor-column elementor-col-50 elementor-top-column elementor-element elementor-element-9bdf4fe\" data-id=\"9bdf4fe\" data-element_type=\"column\" data-e-type=\"column\">\n\t\t\t<div class=\"elementor-widget-wrap elementor-element-populated\">\n\t\t\t\t\t\t<div class=\"elementor-element elementor-element-afecf79 elementor-widget elementor-widget-heading\" data-id=\"afecf79\" data-element_type=\"widget\" data-e-type=\"widget\" data-widget_type=\"heading.default\">\n\t\t\t\t<div class=\"elementor-widget-container\">\n\t\t\t\t\t<h2 class=\"elementor-heading-title elementor-size-default\">Conseils aux voyageurs et accessibilit\u00e9<\/h2>\t\t\t\t<\/div>\n\t\t\t\t<\/div>\n\t\t\t\t<div class=\"elementor-element elementor-element-af955d3 elementor-widget-divider--view-line elementor-widget elementor-widget-divider\" data-id=\"af955d3\" data-element_type=\"widget\" data-e-type=\"widget\" data-widget_type=\"divider.default\">\n\t\t\t\t<div class=\"elementor-widget-container\">\n\t\t\t\t\t\t\t<div class=\"elementor-divider\">\n\t\t\t<span class=\"elementor-divider-separator\">\n\t\t\t\t\t\t<\/span>\n\t\t<\/div>\n\t\t\t\t\t\t<\/div>\n\t\t\t\t<\/div>\n\t\t\t\t<div class=\"elementor-element elementor-element-b1a7420 elementor-widget elementor-widget-text-editor\" data-id=\"b1a7420\" data-element_type=\"widget\" data-e-type=\"widget\" data-widget_type=\"text-editor.default\">\n\t\t\t\t<div class=\"elementor-widget-container\">\n\t\t\t\t\t\t\t\t\t<p>Agel est id\u00e9alement situ\u00e9 sur la \u2018Route du Soleil\u2019. Il s'agit sans doute de l'autoroute fran\u00e7aise la plus emprunt\u00e9e pour se rendre dans le sud de l'Europe.<\/p>\n<p>Co\u00f6rdinats d'Agel :&nbsp;&nbsp;<em>43.3350988 2.8520807<\/em><\/p>\n<p class=\"translation-block\"><span style=\"text-decoration : underline\">Agel en voiture:<\/span><br>De Lyon\/ Montpellier : prendre la sortie 36 sur l'A9 <br>De Clermont Ferrand \/ Loz\u00e8re : prendre la sortie 63 sur l'A75<\/p>\n<p><span style=\"text-decoration: underline;\">Nos conseils pour 1 nuit\u00e9e.<\/span><\/p>\n<p>h<a href=\"https:\/\/www.moulindepetoulle.com\/\" target=\"_blank\">ttps:\/\/www.moulindepetoulle.com\/&nbsp;<\/a><br><a href=\"https:\/\/kleinewereldreiziger.nl\/top-10-overnachten-route-du-soleil\/?srsltid=AfmBOorTk4zBexawfKwqyRBUdKYN_fE_y4qkwCVPXx7wu3S-4CNtfSus\" target=\"_blank\" rel=\"noopener\">https:\/\/kleinewereldreiziger.nl\/accommodaties\/frankrijk\/top-10-overnachten-route-du-soleil\/<\/a><br><a href=\"https:\/\/www.frankrijk.nl\/2022\/06\/tussenstops-langs-de-route-du-soleil-leuke-bbs-overnachtingshotels-onderweg\/\" target=\"_blank\" rel=\"noopener\">https:\/\/www.frankrijk.nl\/2022\/06\/tussenstops-langs-de-route-du-soleil-leuke-bbs-overnachtingshotels-onderweg\/<\/a><br><a href=\"https:\/\/frankrijk.nl\/tussenstops-hotels-bb-onderweg-langs-snelweg-rond-limoges-a20-a71\/\" target=\"_blank\" rel=\"noopener\">https:\/\/frankrijk.nl\/tussenstops-hotels-bb-onderweg-langs-snelweg-rond-limoges-a20-a71\/<\/a><br><a href=\"https:\/\/www.vakantiekidz.nl\/10x-kindercampings-en-vakantieparken-bij-parijs\/\">https:\/\/www.vakantiekidz.nl\/10x-kindercampings-en-vakantieparken-bij-parijs\/<\/a><\/p>\n<p class=\"translation-block\"><span style=\"text-decoration : underline\">Agel par avion:<\/span><br>A\u00e9roport de Carcassonne 55 km <br>A\u00e9roport de B\u00e9ziers 57 km <br>A\u00e9roport de Perpignan 82 km<br>A\u00e9roport de Montpellier 88 km<br>A\u00e9roport de Toulouse 117 km<br>A\u00e9roport de G\u00e9rone 151 km<\/p>\n<p class=\"translation-block\"><span style=\"text-decoration : underline\">Agel en train:<\/span><br>Narbonne 21km (y compris les services ferroviaires TGV)<br>Carcassonne 55km<br>Beziers 33km<\/p>\t\t\t\t\t\t\t\t<\/div>\n\t\t\t\t<\/div>\n\t\t\t\t\t<\/div>\n\t\t<\/div>\n\t\t\t\t<div class=\"elementor-column elementor-col-50 elementor-top-column elementor-element elementor-element-8dcf311\" data-id=\"8dcf311\" data-element_type=\"column\" data-e-type=\"column\">\n\t\t\t<div class=\"elementor-widget-wrap elementor-element-populated\">\n\t\t\t\t\t\t<div class=\"elementor-element elementor-element-484352e elementor-widget elementor-widget-image\" data-id=\"484352e\" data-element_type=\"widget\" data-e-type=\"widget\" data-widget_type=\"image.default\">\n\t\t\t\t<div class=\"elementor-widget-container\">\n\t\t\t\t\t\t\t\t\t\t\t\t\t\t\t<img fetchpriority=\"high\" decoding=\"async\" width=\"605\" height=\"806\" src=\"https:\/\/nous-vous.com\/wp-content\/uploads\/2023\/11\/9J4A9947-605x806.jpg\" class=\"attachment-th_img_md_portrait size-th_img_md_portrait wp-image-750473\" alt=\"\" \/>\t\t\t\t\t\t\t\t\t\t\t\t\t\t\t<\/div>\n\t\t\t\t<\/div>\n\t\t\t\t\t<\/div>\n\t\t<\/div>\n\t\t\t\t\t<\/div>\n\t\t<\/section>\n\t\t\t\t<section class=\"elementor-section elementor-top-section elementor-element elementor-element-002d1bb elementor-section-boxed elementor-section-height-default elementor-section-height-default\" data-id=\"002d1bb\" data-element_type=\"section\" data-e-type=\"section\">\n\t\t\t\t\t\t<div class=\"elementor-container elementor-column-gap-default\">\n\t\t\t\t\t<div class=\"elementor-column elementor-col-100 elementor-top-column elementor-element elementor-element-d42994f\" data-id=\"d42994f\" data-element_type=\"column\" data-e-type=\"column\">\n\t\t\t<div class=\"elementor-widget-wrap elementor-element-populated\">\n\t\t\t\t\t\t<div class=\"elementor-element elementor-element-5c67a31 elementor-widget-divider--view-line elementor-widget elementor-widget-divider\" data-id=\"5c67a31\" data-element_type=\"widget\" data-e-type=\"widget\" data-widget_type=\"divider.default\">\n\t\t\t\t<div class=\"elementor-widget-container\">\n\t\t\t\t\t\t\t<div class=\"elementor-divider\">\n\t\t\t<span class=\"elementor-divider-separator\">\n\t\t\t\t\t\t<\/span>\n\t\t<\/div>\n\t\t\t\t\t\t<\/div>\n\t\t\t\t<\/div>\n\t\t\t\t<div class=\"elementor-element elementor-element-2141cb5 elementor-widget elementor-widget-spacer\" data-id=\"2141cb5\" data-element_type=\"widget\" data-e-type=\"widget\" data-widget_type=\"spacer.default\">\n\t\t\t\t<div class=\"elementor-widget-container\">\n\t\t\t\t\t\t\t<div class=\"elementor-spacer\">\n\t\t\t<div class=\"elementor-spacer-inner\"><\/div>\n\t\t<\/div>\n\t\t\t\t\t\t<\/div>\n\t\t\t\t<\/div>\n\t\t\t\t\t<\/div>\n\t\t<\/div>\n\t\t\t\t\t<\/div>\n\t\t<\/section>\n\t\t\t\t<section class=\"elementor-section elementor-top-section elementor-element elementor-element-3afee8d elementor-section-boxed elementor-section-height-default elementor-section-height-default\" data-id=\"3afee8d\" data-element_type=\"section\" data-e-type=\"section\">\n\t\t\t\t\t\t<div class=\"elementor-container elementor-column-gap-default\">\n\t\t\t\t\t<div class=\"elementor-column elementor-col-100 elementor-top-column elementor-element elementor-element-be63ea8\" data-id=\"be63ea8\" data-element_type=\"column\" data-e-type=\"column\">\n\t\t\t<div class=\"elementor-widget-wrap elementor-element-populated\">\n\t\t\t\t\t\t<section class=\"elementor-section elementor-inner-section elementor-element elementor-element-c1ba148 elementor-section-boxed elementor-section-height-default elementor-section-height-default\" data-id=\"c1ba148\" data-element_type=\"section\" data-e-type=\"section\">\n\t\t\t\t\t\t<div class=\"elementor-container elementor-column-gap-default\">\n\t\t\t\t\t<div class=\"elementor-column elementor-col-50 elementor-inner-column elementor-element elementor-element-f55400f\" data-id=\"f55400f\" data-element_type=\"column\" data-e-type=\"column\">\n\t\t\t<div class=\"elementor-widget-wrap elementor-element-populated\">\n\t\t\t\t\t\t<div class=\"elementor-element elementor-element-33081f3 elementor-widget elementor-widget-image\" data-id=\"33081f3\" data-element_type=\"widget\" data-e-type=\"widget\" data-widget_type=\"image.default\">\n\t\t\t\t<div class=\"elementor-widget-container\">\n\t\t\t\t\t\t\t\t\t\t\t\t\t\t\t<img decoding=\"async\" width=\"605\" height=\"465\" src=\"https:\/\/nous-vous.com\/wp-content\/uploads\/2024\/11\/9J4A1859-605x465.jpg\" class=\"attachment-th_img_md_landscape size-th_img_md_landscape wp-image-1052884\" alt=\"\" srcset=\"https:\/\/nous-vous.com\/wp-content\/uploads\/2024\/11\/9J4A1859-605x465.jpg 605w, https:\/\/nous-vous.com\/wp-content\/uploads\/2024\/11\/9J4A1859-394x303.jpg 394w\" sizes=\"(max-width: 605px) 100vw, 605px\" \/>\t\t\t\t\t\t\t\t\t\t\t\t\t\t\t<\/div>\n\t\t\t\t<\/div>\n\t\t\t\t\t<\/div>\n\t\t<\/div>\n\t\t\t\t<div class=\"elementor-column elementor-col-50 elementor-inner-column elementor-element elementor-element-4a5a206\" data-id=\"4a5a206\" data-element_type=\"column\" data-e-type=\"column\">\n\t\t\t<div class=\"elementor-widget-wrap elementor-element-populated\">\n\t\t\t\t\t\t<div class=\"elementor-element elementor-element-a442721 elementor-widget elementor-widget-heading\" data-id=\"a442721\" data-element_type=\"widget\" data-e-type=\"widget\" data-widget_type=\"heading.default\">\n\t\t\t\t<div class=\"elementor-widget-container\">\n\t\t\t\t\t<h2 class=\"elementor-heading-title elementor-size-default\">Demandes de renseignements<\/h2>\t\t\t\t<\/div>\n\t\t\t\t<\/div>\n\t\t\t\t<div class=\"elementor-element elementor-element-908559f elementor-widget-divider--view-line elementor-widget elementor-widget-divider\" data-id=\"908559f\" data-element_type=\"widget\" data-e-type=\"widget\" data-widget_type=\"divider.default\">\n\t\t\t\t<div class=\"elementor-widget-container\">\n\t\t\t\t\t\t\t<div class=\"elementor-divider\">\n\t\t\t<span class=\"elementor-divider-separator\">\n\t\t\t\t\t\t<\/span>\n\t\t<\/div>\n\t\t\t\t\t\t<\/div>\n\t\t\t\t<\/div>\n\t\t\t\t<div class=\"elementor-element elementor-element-eaf37d8 elementor-widget elementor-widget-spacer\" data-id=\"eaf37d8\" data-element_type=\"widget\" data-e-type=\"widget\" data-widget_type=\"spacer.default\">\n\t\t\t\t<div class=\"elementor-widget-container\">\n\t\t\t\t\t\t\t<div class=\"elementor-spacer\">\n\t\t\t<div class=\"elementor-spacer-inner\"><\/div>\n\t\t<\/div>\n\t\t\t\t\t\t<\/div>\n\t\t\t\t<\/div>\n\t\t\t\t<div class=\"elementor-element elementor-element-8697556 elementor-widget elementor-widget-text-editor\" data-id=\"8697556\" data-element_type=\"widget\" data-e-type=\"widget\" data-widget_type=\"text-editor.default\">\n\t\t\t\t<div class=\"elementor-widget-container\">\n\t\t\t\t\t\t\t\t\t<p>\u00a0Demandes de mariage, baby showers, anniversaires, bridal showers, high teas, rendez-vous romantiques, f\u00eates d'enfants, retraits, r\u00e9servations de groupe possibles.<\/p><p>Une autre id\u00e9e g\u00e9niale ? N'h\u00e9sitez pas \u00e0 nous contacter, nous sommes toujours ouverts aux nouvelles id\u00e9es !<\/p>\t\t\t\t\t\t\t\t<\/div>\n\t\t\t\t<\/div>\n\t\t\t\t\t<\/div>\n\t\t<\/div>\n\t\t\t\t\t<\/div>\n\t\t<\/section>\n\t\t\t\t\t<\/div>\n\t\t<\/div>\n\t\t\t\t\t<\/div>\n\t\t<\/section>\n\t\t\t\t<section class=\"elementor-section elementor-top-section elementor-element elementor-element-ee26822 elementor-section-boxed elementor-section-height-default elementor-section-height-default\" data-id=\"ee26822\" data-element_type=\"section\" data-e-type=\"section\" data-settings=\"{&quot;background_background&quot;:&quot;classic&quot;}\">\n\t\t\t\t\t\t<div class=\"elementor-container elementor-column-gap-wider\">\n\t\t\t\t\t<div class=\"elementor-column elementor-col-50 elementor-top-column elementor-element elementor-element-2562fb59\" data-id=\"2562fb59\" data-element_type=\"column\" data-e-type=\"column\">\n\t\t\t<div class=\"elementor-widget-wrap elementor-element-populated\">\n\t\t\t\t\t\t<div class=\"elementor-element elementor-element-68ac75c1 elementor-widget elementor-widget-heading\" data-id=\"68ac75c1\" data-element_type=\"widget\" data-e-type=\"widget\" data-widget_type=\"heading.default\">\n\t\t\t\t<div class=\"elementor-widget-container\">\n\t\t\t\t\t<h2 class=\"elementor-heading-title elementor-size-default\">Contactez nous<\/h2>\t\t\t\t<\/div>\n\t\t\t\t<\/div>\n\t\t\t\t<div class=\"elementor-element elementor-element-ebc2124 elementor-widget-divider--view-line elementor-widget elementor-widget-divider\" data-id=\"ebc2124\" data-element_type=\"widget\" data-e-type=\"widget\" data-widget_type=\"divider.default\">\n\t\t\t\t<div class=\"elementor-widget-container\">\n\t\t\t\t\t\t\t<div class=\"elementor-divider\">\n\t\t\t<span class=\"elementor-divider-separator\">\n\t\t\t\t\t\t<\/span>\n\t\t<\/div>\n\t\t\t\t\t\t<\/div>\n\t\t\t\t<\/div>\n\t\t\t\t<div class=\"elementor-element elementor-element-649c6e0e elementor-widget elementor-widget-text-editor\" data-id=\"649c6e0e\" data-element_type=\"widget\" data-e-type=\"widget\" data-widget_type=\"text-editor.default\">\n\t\t\t\t<div class=\"elementor-widget-container\">\n\t\t\t\t\t\t\t\t\t<p><strong>NOUS<br \/><\/strong>4 Chemin de Bize<br \/>34210 Agel, France<\/p><p><strong>Suite Ch\u00e2teau<br \/><\/strong>Domaine La Tourelle, 43 Avenue de Narbonne <br \/>11120 Saint Marcel sur Aude<\/p><p><strong>Ch\u00e2teau d'Agel.<br \/><\/strong>2 Pl. de l'\u00c9glise<br \/>34210 Agel<\/p><p><strong>Maison des Remparts<br \/><\/strong>6 Rue Des Remparts<br \/>11120 Mailhac<\/p><p>\u00a0<\/p><p><a style=\"font-family: inherit; font-style: inherit; font-weight: inherit; background-color: #ffffff;\" href=\"mailto:info@nous-vous.com\" target=\"_blank\" rel=\"noopener\">info@nous-vous.com<\/a>\u00a0<\/p><p><span style=\"color: inherit; font-family: inherit; font-size: inherit; font-style: inherit; font-weight: inherit;\">Instagram et Facebook <\/span><a style=\"font-family: inherit; font-size: inherit; font-style: inherit; font-weight: inherit; background-color: #ffffff;\" href=\"https:\/\/www.instagram.com\/nous.lofts\/\">@nous.lofts<\/a><\/p><p>num\u00e9ro SIREN 911 754 976 R.C.S. BEZIERS<\/p><p>Si vous avez des questions, n'h\u00e9sitez pas \u00e0 nous envoyer un courrier \u00e9lectronique.\u00a0<a href=\"mailto:info@nous-vous.com\" target=\"_blank\" rel=\"noopener\">courriel<\/a>.<\/p>\t\t\t\t\t\t\t\t<\/div>\n\t\t\t\t<\/div>\n\t\t\t\t\t<\/div>\n\t\t<\/div>\n\t\t\t\t<div class=\"elementor-column elementor-col-50 elementor-top-column elementor-element elementor-element-f735b92\" data-id=\"f735b92\" data-element_type=\"column\" data-e-type=\"column\">\n\t\t\t<div class=\"elementor-widget-wrap elementor-element-populated\">\n\t\t\t\t\t\t<div class=\"elementor-element elementor-element-214adf2 elementor-widget elementor-widget-image\" data-id=\"214adf2\" data-element_type=\"widget\" data-e-type=\"widget\" data-widget_type=\"image.default\">\n\t\t\t\t<div class=\"elementor-widget-container\">\n\t\t\t\t\t\t\t\t\t\t\t\t\t\t\t<img decoding=\"async\" width=\"1024\" height=\"568\" src=\"https:\/\/nous-vous.com\/wp-content\/uploads\/2025\/06\/Screenshot-2025-06-25-at-23.14-copy-1024x568.jpg\" class=\"attachment-large size-large wp-image-1056914\" alt=\"\" srcset=\"https:\/\/nous-vous.com\/wp-content\/uploads\/2025\/06\/Screenshot-2025-06-25-at-23.14-copy-1024x568.jpg 1024w, https:\/\/nous-vous.com\/wp-content\/uploads\/2025\/06\/Screenshot-2025-06-25-at-23.14-copy-300x166.jpg 300w, https:\/\/nous-vous.com\/wp-content\/uploads\/2025\/06\/Screenshot-2025-06-25-at-23.14-copy-768x426.jpg 768w, https:\/\/nous-vous.com\/wp-content\/uploads\/2025\/06\/Screenshot-2025-06-25-at-23.14-copy-180x100.jpg 180w, https:\/\/nous-vous.com\/wp-content\/uploads\/2025\/06\/Screenshot-2025-06-25-at-23.14-copy-144x80.jpg 144w, https:\/\/nous-vous.com\/wp-content\/uploads\/2025\/06\/Screenshot-2025-06-25-at-23.14-copy-394x219.jpg 394w, https:\/\/nous-vous.com\/wp-content\/uploads\/2025\/06\/Screenshot-2025-06-25-at-23.14-copy-915x508.jpg 915w, https:\/\/nous-vous.com\/wp-content\/uploads\/2025\/06\/Screenshot-2025-06-25-at-23.14-copy-1240x688.jpg 1240w, https:\/\/nous-vous.com\/wp-content\/uploads\/2025\/06\/Screenshot-2025-06-25-at-23.14-copy-600x333.jpg 600w, https:\/\/nous-vous.com\/wp-content\/uploads\/2025\/06\/Screenshot-2025-06-25-at-23.14-copy.jpg 1388w\" sizes=\"(max-width: 1024px) 100vw, 1024px\" \/>\t\t\t\t\t\t\t\t\t\t\t\t\t\t\t<\/div>\n\t\t\t\t<\/div>\n\t\t\t\t\t<\/div>\n\t\t<\/div>\n\t\t\t\t\t<\/div>\n\t\t<\/section>\n\t\t\t\t<\/div>","protected":false},"excerpt":{"rendered":"<p>Conseils de voyage et accessibilit\u00e9 Agel est id\u00e9alement situ\u00e9 sur la \u2018Route du Soleil\u2019. Il s'agit sans doute de l'autoroute fran\u00e7aise la plus utilis\u00e9e pour se rendre dans le sud de l'Europe. Coordonn\u00e9es d'Agel : 43.3350988 2.8520807 Agel en voiture:Depuis Lyon\/ Montpellier : ... <a href=\"https:\/\/nous-vous.com\/fr\/contact\/\">Lire la suite<\/a><\/p>","protected":false},"author":3,"featured_media":0,"parent":0,"menu_order":18,"comment_status":"closed","ping_status":"closed","template":"","meta":{"footnotes":""},"class_list":["post-11271","page","type-page","status-publish","hentry"],"_links":{"self":[{"href":"https:\/\/nous-vous.com\/fr\/wp-json\/wp\/v2\/pages\/11271","targetHints":{"allow":["GET"]}}],"collection":[{"href":"https:\/\/nous-vous.com\/fr\/wp-json\/wp\/v2\/pages"}],"about":[{"href":"https:\/\/nous-vous.com\/fr\/wp-json\/wp\/v2\/types\/page"}],"author":[{"embeddable":true,"href":"https:\/\/nous-vous.com\/fr\/wp-json\/wp\/v2\/users\/3"}],"replies":[{"embeddable":true,"href":"https:\/\/nous-vous.com\/fr\/wp-json\/wp\/v2\/comments?post=11271"}],"version-history":[{"count":117,"href":"https:\/\/nous-vous.com\/fr\/wp-json\/wp\/v2\/pages\/11271\/revisions"}],"predecessor-version":[{"id":1118975,"href":"https:\/\/nous-vous.com\/fr\/wp-json\/wp\/v2\/pages\/11271\/revisions\/1118975"}],"wp:attachment":[{"href":"https:\/\/nous-vous.com\/fr\/wp-json\/wp\/v2\/media?parent=11271"}],"curies":[{"name":"wp","href":"https:\/\/api.w.org\/{rel}","templated":true}]}}